{"id":5,"date":"2020-09-25T10:59:26","date_gmt":"2020-09-25T10:59:26","guid":{"rendered":"https:\/\/opik.digifi.eu\/?page_id=5"},"modified":"2022-08-23T15:50:43","modified_gmt":"2022-08-23T12:50:43","slug":"avaleht","status":"publish","type":"page","link":"https:\/\/opik.juuksurikool.ee\/","title":{"rendered":"Tiitelleht"},"content":{"rendered":"\n<h1 class=\"has-text-align-center wp-block-heading\">JUUKSURIT\u00d6\u00d6 ALUS\u00d5PPE \u00d5PIKESKKOND<\/h1>\n\n\n\n<div class=\"wp-block-group\"><div class=\"wp-block-group__inner-container is-layout-flow wp-block-group-is-layout-flow\">\n<h6 class=\"has-text-align-center wp-block-heading\" style=\"font-size:10px\">KOOSTAJA: <strong>KERTTI VIRU<\/strong><\/h6>\n<\/div><\/div>\n\n\n\n<div class=\"wp-block-group has-background\" style=\"background-color:#f6f6f6\"><div class=\"wp-block-group__inner-container is-layout-flow wp-block-group-is-layout-flow\">\n<div class=\"wp-block-group\"><div class=\"wp-block-group__inner-container is-layout-flow wp-block-group-is-layout-flow\">\n<div class=\"wp-block-group\"><div class=\"wp-block-group__inner-container is-layout-flow wp-block-group-is-layout-flow\">\n<div class=\"wp-block-group\"><div class=\"wp-block-group__inner-container is-layout-flow wp-block-group-is-layout-flow\"><\/div><\/div>\n\n\n\n<div class=\"wp-block-group\"><div class=\"wp-block-group__inner-container is-layout-flow wp-block-group-is-layout-flow\">\n<h5 class=\"has-text-align-center wp-block-heading\">AUTORID: <\/h5>\n\n\n\n<figure class=\"wp-block-table\"><table class=\"has-fixed-layout\"><tbody><tr><td>Kaja Seppel<\/td><td>Kertti Viru<\/td><td>Gerly Sepping<\/td><td>Rane Viks<\/td><\/tr><tr><td>Eneli Rannik<\/td><td>Renaldo Paabel<\/td><td><\/td><td><\/td><\/tr><\/tbody><\/table><\/figure>\n<\/div><\/div>\n<\/div><\/div>\n\n\n\n<p><\/p>\n<\/div><\/div>\n<\/div><\/div>\n\n\n\n<hr class=\"wp-block-separator\"\/>\n\n\n\n<div class=\"wp-block-group\"><div class=\"wp-block-group__inner-container is-layout-flow wp-block-group-is-layout-flow\">\n<p class=\"has-text-align-center\">Digi\u00f5piku autori\u00f5igused kuuluvad selle autoritele ehk koostajatele.  info@juuksuriteuhendus.ee<\/p>\n\n\n\n<p class=\"has-text-align-center\">\u00d5pik on valminud ESF meetme \u201eKaasaegse ja uuendusliku<br>\u00f5ppevara arendamine ja kasutuselev\u00f5tt\u201c raames.<\/p>\n\n\n\n<p class=\"has-text-align-center\"><em>\u00d5ppevara toetab \u00f5ppekava \u201cJuuksur\u201d(180 ekap, tase 4) p\u00f5hi\u00f5pingute moodulite ja oskutse barber \u00f5piv\u00e4ljundite saavutamist.<\/em><\/p>\n<\/div><\/div>\n\n\n\n<div class=\"wp-block-image\"><figure class=\"aligncenter size-large is-resized\"><img loading=\"lazy\" decoding=\"async\" src=\"https:\/\/opik.juuksurikool.ee\/wp-content\/uploads\/2022\/08\/el_sotsiaalfond_horisontaalne-1024x541.jpg\" alt=\"\" class=\"wp-image-3306\" width=\"343\" height=\"181\" srcset=\"https:\/\/opik.juuksurikool.ee\/wp-content\/uploads\/2022\/08\/el_sotsiaalfond_horisontaalne-1024x541.jpg 1024w, https:\/\/opik.juuksurikool.ee\/wp-content\/uploads\/2022\/08\/el_sotsiaalfond_horisontaalne-300x158.jpg 300w, https:\/\/opik.juuksurikool.ee\/wp-content\/uploads\/2022\/08\/el_sotsiaalfond_horisontaalne-768x406.jpg 768w, https:\/\/opik.juuksurikool.ee\/wp-content\/uploads\/2022\/08\/el_sotsiaalfond_horisontaalne-1536x811.jpg 1536w, https:\/\/opik.juuksurikool.ee\/wp-content\/uploads\/2022\/08\/el_sotsiaalfond_horisontaalne-2048x1082.jpg 2048w, https:\/\/opik.juuksurikool.ee\/wp-content\/uploads\/2022\/08\/el_sotsiaalfond_horisontaalne-200x106.jpg 200w, https:\/\/opik.juuksurikool.ee\/wp-content\/uploads\/2022\/08\/el_sotsiaalfond_horisontaalne-1200x634.jpg 1200w, https:\/\/opik.juuksurikool.ee\/wp-content\/uploads\/2022\/08\/el_sotsiaalfond_horisontaalne-1980x1046.jpg 1980w\" sizes=\"auto, (max-width: 343px) 100vw, 343px\" \/><\/figure><\/div>\n","protected":false},"excerpt":{"rendered":"<p>JUUKSURIT\u00d6\u00d6 ALUS\u00d5PPE \u00d5PIKESKKOND KOOSTAJA: KERTTI VIRU AUTORID: Kaja Seppel Kertti Viru Gerly Sepping Rane Viks Eneli Rannik Renaldo Paabel Digi\u00f5piku autori\u00f5igused kuuluvad selle autoritele ehk koostajatele. info@juuksuriteuhendus.ee \u00d5pik on valminud ESF meetme \u201eKaasaegse ja uuendusliku\u00f5ppevara arendamine ja kasutuselev\u00f5tt\u201c raames. \u00d5ppevara toetab \u00f5ppekava \u201cJuuksur\u201d(180 ekap, tase 4) p\u00f5hi\u00f5pingute moodulite ja oskutse barber \u00f5piv\u00e4ljundite saavutamist.<\/p>\n","protected":false},"author":4,"featured_media":0,"parent":0,"menu_order":0,"comment_status":"closed","ping_status":"closed","template":"","meta":{"ngg_post_thumbnail":0,"footnotes":""},"class_list":["post-5","page","type-page","status-publish","hentry"],"_links":{"self":[{"href":"https:\/\/opik.juuksurikool.ee\/index.php?rest_route=\/wp\/v2\/pages\/5","targetHints":{"allow":["GET"]}}],"collection":[{"href":"https:\/\/opik.juuksurikool.ee\/index.php?rest_route=\/wp\/v2\/pages"}],"about":[{"href":"https:\/\/opik.juuksurikool.ee\/index.php?rest_route=\/wp\/v2\/types\/page"}],"author":[{"embeddable":true,"href":"https:\/\/opik.juuksurikool.ee\/index.php?rest_route=\/wp\/v2\/users\/4"}],"replies":[{"embeddable":true,"href":"https:\/\/opik.juuksurikool.ee\/index.php?rest_route=%2Fwp%2Fv2%2Fcomments&post=5"}],"version-history":[{"count":41,"href":"https:\/\/opik.juuksurikool.ee\/index.php?rest_route=\/wp\/v2\/pages\/5\/revisions"}],"predecessor-version":[{"id":3310,"href":"https:\/\/opik.juuksurikool.ee\/index.php?rest_route=\/wp\/v2\/pages\/5\/revisions\/3310"}],"wp:attachment":[{"href":"https:\/\/opik.juuksurikool.ee\/index.php?rest_route=%2Fwp%2Fv2%2Fmedia&parent=5"}],"curies":[{"name":"wp","href":"https:\/\/api.w.org\/{rel}","templated":true}]}}