{"id":1636,"date":"2020-11-12T16:22:05","date_gmt":"2020-11-12T14:22:05","guid":{"rendered":"https:\/\/opik.juuksurikool.ee\/?page_id=1636"},"modified":"2021-08-21T21:17:11","modified_gmt":"2021-08-21T18:17:11","slug":"opetajale","status":"publish","type":"page","link":"https:\/\/opik.juuksurikool.ee\/?page_id=1636","title":{"rendered":"\u00d5petajale"},"content":{"rendered":"\n<p><strong><a rel=\"noreferrer noopener\" href=\"https:\/\/opik.juuksurikool.ee\/rubriik\/klienditeenindus\/\" target=\"_blank\">Klienditenindus<\/a><\/strong><\/p>\n\n\n\n<p>Selles peat\u00fckis on v\u00e4lja toodud ka <a href=\"https:\/\/opik.juuksurikool.ee\/1-4-1-kliendinoustamine-ja-tarbijanouded\/\">Tarbijaameti n\u00f5uded<\/a> teenuse osutamiseks ning lisaks ka peat\u00fckk &#8220;<a href=\"https:\/\/opik.juuksurikool.ee\/1-4-2-juuksurikeel\/\">Juuksurikeel<\/a>&#8220;.<\/p>\n\n\n\n<p>Parim kliendin\u00f5ustamine toimub neid reegleid j\u00e4rgides ja k\u00fcsides nii \u00f5elda \u00f5igeid k\u00fcsimusi. See t\u00e4hendab, et ei ole vaja k\u00fcsida k\u00fcsimusi selleks, et neid peab k\u00fcsima, igal k\u00fcsimusel peab olema eesm\u00e4rk<\/p>\n\n\n\n<p><s>Kas v\u00e4rvime ka?<\/s> Millist tooni sa oma juukseid soovid v\u00e4rvida?<\/p>\n\n\n\n<p><s>Kuidas l\u00f5ikame?<\/s> Kuidas soengut muudame\/v\u00e4rskendame?<\/p>\n\n\n\n<p>Teiseks saab selle \u00f5pematerjali baasil l\u00e4bi viia juuksurikeele harjutusi, et \u00f5pilane \u00f5piks looma kliendiga ladusat suhet.<\/p>\n\n\n\n<div class=\"wp-block-file\"><a href=\"https:\/\/opik.juuksurikool.ee\/wp-content\/uploads\/2020\/11\/KLIENDITEENINDUS-1.pdf\"><span class=\"has-inline-color has-secondary-color\"><strong>KLIENDITEENINDUS-suhtlusolukorra lahendamine &#8211; harjutus<\/strong><\/span><br><\/a><a href=\"https:\/\/opik.juuksurikool.ee\/wp-content\/uploads\/2020\/11\/KLIENDITEENINDUS-1.pdf\" class=\"wp-block-file__button\" download>Laadi alla<\/a><\/div>\n\n\n\n<div class=\"wp-block-file\"><a href=\"https:\/\/opik.juuksurikool.ee\/wp-content\/uploads\/2020\/11\/Tarvikud-Tooleht.pdf\"><span class=\"has-inline-color has-secondary-color\"><strong>Tarvikud-Tooleht<\/strong><\/span><\/a><a href=\"https:\/\/opik.juuksurikool.ee\/wp-content\/uploads\/2020\/11\/Tarvikud-Tooleht.pdf\" class=\"wp-block-file__button\" download>Laadi alla<\/a><\/div>\n\n\n\n<p><a rel=\"noreferrer noopener\" href=\"https:\/\/opik.juuksurikool.ee\/rubriik\/juuste-ja-peanaha-hooldamine\/\" target=\"_blank\">Juuste ja peanaha hooldamin<\/a>e<\/p>\n\n\n\n<p>Selles peat\u00fckis v\u00f5ib esineda s\u00f5na ravi, mis tegelikult ei ole \u00f5ige, sest juuksurid ei ravi, seda teevad ainult arstid. Juuksur peab oskama n\u00f5ustada klienti juukseid puudutavatel teemadel ning \u00e4ra tundma, kas peanaha seisukorda saab leevendada v\u00f5i tuleb klient edasi arsti juurde saata. <\/p>\n\n\n\n<p>N\u00e4iteid arutelu harjutustestest:<\/p>\n\n\n\n<ul class=\"wp-block-list\"><li>Klient kurdab, et korra aastas on tal k\u00f5ik kohad juukseid t\u00e4is. Millest see tuleneb, kuidas n\u00f5ustad?<\/li><li>Kliendi juuksed l\u00e4hevad tema s\u00f5nul kiirelt rasuseks. Pesta tuleb lausa \u00fclep\u00e4eva. Millest see tuleneb, kuidas n\u00f5ustad?<\/li><li>Kliendi juuksed kipuvad kiiresti katkema, kuid on siledada ja ei l\u00e4he kahusse. Mida oleks vaja juustele juurde anda, millega neid turgutada?<\/li><li>Kliendi juuksed on kahused ja karedada, samas nad ei katke ja juukseotsad on terved. Mida oleks vaja juustele juurde anda, millega neid turgutada?<\/li><\/ul>\n\n\n\n<div class=\"wp-block-file\"><a href=\"https:\/\/opik.juuksurikool.ee\/wp-content\/uploads\/2020\/11\/Juuste-ja-peanaha-hooldamine-juuksejuur-tooleht.pdf\"><strong><span class=\"has-inline-color has-secondary-color\"><strong>JUUSTE-JA-PEANAHA-HOOLDAMINE<\/strong>-juuksejuur-tooleht<\/span><\/strong><br><\/a><a href=\"https:\/\/opik.juuksurikool.ee\/wp-content\/uploads\/2020\/11\/Juuste-ja-peanaha-hooldamine-juuksejuur-tooleht.pdf\" class=\"wp-block-file__button\" download>Laadi alla<\/a><\/div>\n\n\n\n<div class=\"wp-block-file\"><a href=\"https:\/\/opik.juuksurikool.ee\/wp-content\/uploads\/2020\/11\/JUUSTE-JA-PEANAHA-HOOLDAMINE-juuksekaeva-ehitus-Tooleht.pdf\"><span class=\"has-inline-color has-secondary-color\"><strong>JUUSTE-JA-PEANAHA-HOOLDAMINE-juuksekarva-ehitus-<\/strong>t<strong>ooleht<\/strong><\/span><\/a><a href=\"https:\/\/opik.juuksurikool.ee\/wp-content\/uploads\/2020\/11\/JUUSTE-JA-PEANAHA-HOOLDAMINE-juuksekaeva-ehitus-Tooleht.pdf\" class=\"wp-block-file__button\" download>Laadi alla<\/a><\/div>\n\n\n\n<div class=\"wp-block-file\"><a href=\"https:\/\/opik.juuksurikool.ee\/wp-content\/uploads\/2020\/11\/Juuksed-ja-juuksehooldus-opetajaraamat.pdf\"><strong><span class=\"has-inline-color has-secondary-color\">Juuksed-ja-juuksehooldus-opetajaraamat<\/span><\/strong><\/a><a href=\"https:\/\/opik.juuksurikool.ee\/wp-content\/uploads\/2020\/11\/Juuksed-ja-juuksehooldus-opetajaraamat.pdf\" class=\"wp-block-file__button\" download>Laadi alla<\/a><\/div>\n\n\n\n<div class=\"wp-block-file\"><a href=\"https:\/\/opik.juuksurikool.ee\/wp-content\/uploads\/2020\/11\/Juuksed-ja-juuksehooldus-PowerPoint-alus-tunni-ettevalmistamiseks.pptx\"><strong><span class=\"has-inline-color has-secondary-color\">Juuksed-ja-juuksehooldus-PowerPoint-alus-tunni-ettevalmistamiseks<\/span><\/strong><\/a><a href=\"https:\/\/opik.juuksurikool.ee\/wp-content\/uploads\/2020\/11\/Juuksed-ja-juuksehooldus-PowerPoint-alus-tunni-ettevalmistamiseks.pptx\" class=\"wp-block-file__button\" download>Laadi alla<\/a><\/div>\n\n\n\n<p><a rel=\"noreferrer noopener\" href=\"https:\/\/opik.juuksurikool.ee\/rubriik\/loomingulise-too-alused\/\" target=\"_blank\">Loomingulise t\u00f6\u00f6 alused<\/a><\/p>\n\n\n\n<p>Peat\u00fcki eesm\u00e4rgiks on \u00f5petada vormitunnetust ja sobitada see soenguvormide tunnetuse, \u00e4ra tundmise ja m\u00e4\u00e4ramisega. Soovitav on luua \u00f5piku harjutuste n\u00e4itel lisaharjutusi kujude ja proportsioonide m\u00e4\u00e4ramiseks. All olevat v\u00e4rviharjutust saab kasutada ka v\u00e4rvitunnis. Aluseks on v\u00e4rviring, kus \u00fchel pool on soojad toonid ja teisel k\u00fclmad toonid.<\/p>\n\n\n\n<p>Kas pildil domineerivad soojad v\u00f5i k\u00fclmad toonid<\/p>\n\n\n\nngg_shortcode_0_placeholder\n\n\n\n<p>&nbsp;<a rel=\"noreferrer noopener\" href=\"https:\/\/opik.juuksurikool.ee\/rubriik\/juuste-loikamine\/\" target=\"_blank\">Juuste l\u00f5ikamine<\/a><\/p>\n\n\n\n<p>Selles \u00f5pikus on peat\u00fckid seatud nii, et \u00f5pet on v\u00f5imalik alustada kammimise suunast, k\u00e4te asendist jms ning l\u00f5petades juuksel\u00f5ikuse vormiga. \u00d5ppur, kes saab aru l\u00f5ikusjoontest: \u00fchepikkune, gradueerritud, kihiline\/j\u00e4rguline, saab hakata anal\u00fc\u00fcsima juuksel\u00f5ikusi ja kirjeldama neid nn juuksurite keeles. Uute peat\u00fckkide hulgas on ka juuksel\u00f5ikusjoonise loomine. Materjali saab kasutada nii tunnis r\u00e4\u00e4gitu illustreerimiseks kui ka \u00f5pilaste kaasamisel materjalide loomisse. N\u00e4iteks saab \u00f5ppe siduda digi\u00f5ppega ning teha tunnis juuksel\u00f5ikuste animatsioone. Lisaks saab sellist tegevust seostada ka turundusega. Sellised animatsioonid sotsmeedias on pilkup\u00fc\u00fcdvad ja haaravad t\u00e4helepanu.<\/p>\n\n\n\n<p>\u00d5pikule on lisatud ka arutelu\u00fclesandeid, mille eesm\u00e4rgiks on pakkuda \u00f5pilastele v\u00f5imalus l\u00e4hende teemal teise nurga alt, kuid samu p\u00f5him\u00f5tteid j\u00e4rgides. Aruteluk\u00fcsimused sobiad nii r\u00fchmat\u00f6\u00f6ks tunnis, iseseisvaks t\u00f6\u00f6ks, ettekande tegemiseks ning samuti soenguajaloo uurimust\u00f6\u00f6ks.<\/p>\n\n\n\n<p>\u00dclesanneteks on v\u00e4lja pakutud teemad ja piltmaterjal, mida saab kasutada:<\/p>\n\n\n\n<ul class=\"wp-block-list\" id=\"block-50cc6f5b-45cf-4973-a01e-5b55c4f1f90f\"><li>Milliseid soengustiile need soengud esindavad \u2013 arutle, kui palju leiad neis t\u00e4nap\u00e4eva trende ja kui palju on neis esindatud trende ajaloost<\/li><li>Milline on nende l\u00f5ikuste kuju ja vorm<\/li><li>Millistele n\u00e4okujudele need soengud sobivad ja millistele ei sobi<\/li><li>Milliseid tehnikaid on kasutatud nende soengute l\u00f5ikamisel<\/li><li>Milline oleks t\u00f6\u00f6v\u00f5tete j\u00e4rjekord nede l\u00f5ikuste teostamisel<\/li><li>Tee iga soengu kohta l\u00f5ikusjoonis<\/li><\/ul>\n\n\n\n<p>Uues barberosas on teema jagatud vastavalt eksamil hinnatavatele kompetentsidele: k\u00e4\u00e4ri-kammi t\u00f6\u00f6, masina-kammi t\u00f6\u00f6 jne. Samuti on lisatud arutelu\u00fclesanded, mis annavad v\u00f5imaluse laiendada praktilist \u00f5pet tuues sisse moajaloo teema ja meestel\u00f5ikuste stiilid ning kultuurilised erip\u00e4rad.<\/p>\n\n\n\n<p>N\u00e4idis\u00fclesanded grupi- ja iseseisvakst\u00f6\u00f6ks<\/p>\n\n\n\n<ul class=\"wp-block-list\"><li>Leia viis populaarset meestesoengut l\u00e4bi aegade ning kirjelda, kuidas on need teostatud<\/li><li>Kuidas on jaotatud soeng s\u00f5ja &#8211; ja merev\u00e4es US n\u00e4itel<\/li><li>Parukad ja meestemood<\/li><li>Kiilaks ajamine kui osa meestesoengutest.<\/li><li>\u00dchiskonnaareng ja meestesoengute muutused erinevatel ajastutel.<\/li><li>Rahvalikud soengute nimetused ja nende t\u00f5lge juuksurikeelde (kuidas tehniliselt teostada, juuksel\u00f5ikusjoonis jne)<\/li><\/ul>\n\n\n\n<div class=\"wp-block-file\"><a href=\"https:\/\/opik.juuksurikool.ee\/wp-content\/uploads\/2020\/11\/Juuste-loikamine-PowerPointi-alus-tunni-ettevalmistamiseks.pptx\"><span class=\"has-inline-color has-secondary-color\"><strong>Juuste-loikamine-PowerPointi-alus-tunni-ettevalmistamiseks<\/strong><\/span><\/a><a href=\"https:\/\/opik.juuksurikool.ee\/wp-content\/uploads\/2020\/11\/Juuste-loikamine-PowerPointi-alus-tunni-ettevalmistamiseks.pptx\" class=\"wp-block-file__button\" download>Laadi alla<\/a><\/div>\n\n\n\n<div class=\"wp-block-file\"><a href=\"https:\/\/opik.juuksurikool.ee\/wp-content\/uploads\/2020\/11\/Juukseloikusjoonised.pdf\"><strong><span class=\"has-inline-color has-secondary-color\">Juukseloikusjoonised<\/span><\/strong><\/a><a href=\"https:\/\/opik.juuksurikool.ee\/wp-content\/uploads\/2020\/11\/Juukseloikusjoonised.pdf\" class=\"wp-block-file__button\" download>Laadi alla<\/a><\/div>\n\n\n\n<div class=\"wp-block-file\"><a href=\"https:\/\/opik.juuksurikool.ee\/wp-content\/uploads\/2020\/11\/Barber-PowerPoint-alus-tunni-ettevalmistamiseks.pptx\"><strong><span class=\"has-inline-color has-secondary-color\">Barber-PowerPoint-alus-tunni-ettevalmistamiseks<\/span><\/strong><\/a><a href=\"https:\/\/opik.juuksurikool.ee\/wp-content\/uploads\/2020\/11\/Barber-PowerPoint-alus-tunni-ettevalmistamiseks.pptx\" class=\"wp-block-file__button\" download>Laadi alla<\/a><\/div>\n\n\n\n<div class=\"wp-block-file\"><a href=\"https:\/\/opik.juuksurikool.ee\/wp-content\/uploads\/2020\/11\/BARBERTEEMALINE-GRUPITOO.pdf\"><strong><span class=\"has-inline-color has-secondary-color\">BARBERTEEMALINE-GRUPITOO<\/span><\/strong><\/a><a href=\"https:\/\/opik.juuksurikool.ee\/wp-content\/uploads\/2020\/11\/BARBERTEEMALINE-GRUPITOO.pdf\" class=\"wp-block-file__button\" download>Laadi alla<\/a><\/div>\n\n\n\n<div class=\"wp-block-file\"><a href=\"https:\/\/opik.juuksurikool.ee\/wp-content\/uploads\/2020\/11\/14-habemeajamise-votet.png\"><strong><span class=\"has-inline-color has-secondary-color\">14-habemeajamise-votet<\/span><\/strong><\/a><a href=\"https:\/\/opik.juuksurikool.ee\/wp-content\/uploads\/2020\/11\/14-habemeajamise-votet.png\" class=\"wp-block-file__button\" download>Laadi alla<\/a><\/div>\n\n\n\n<div class=\"wp-block-file\"><a href=\"https:\/\/opik.juuksurikool.ee\/wp-content\/uploads\/2020\/11\/Habemeajamine-ruumilised-pildid.pdf\"><strong><span class=\"has-inline-color has-secondary-color\">Habemeajamine-ruumilised-pildid<\/span><\/strong><\/a><a href=\"https:\/\/opik.juuksurikool.ee\/wp-content\/uploads\/2020\/11\/Habemeajamine-ruumilised-pildid.pdf\" class=\"wp-block-file__button\" download>Laadi alla<\/a><\/div>\n\n\n\n<p>&nbsp;<a rel=\"noreferrer noopener\" href=\"https:\/\/opik.juuksurikool.ee\/rubriik\/pusilokkide-tegemine\/\" target=\"_blank\">P\u00fcsilokkide tegemine<\/a><\/p>\n\n\n\n<p>Selle teema puhul on t\u00e4iesti arusaadavalt r\u00f5hk rullide keeramisel ja \u00f5ige toote valikul. \u00d5pik annab v\u00f5imaluse peatuda ka teemal sillad, kuidas need muutuvad seoses p\u00fcsilokkide tegemisega ja kuidas neid taastatakse. <\/p>\n\n\n\n<ul class=\"wp-block-list\"><li>joonista, kuidas muutuvad sildade asukohad peale p\u00fcsiloki protsessi<\/li><li>Milliseid sildu selle protsessi k\u00e4igus kuidas ja millal muudetakse  ning kuidas ja millal taastatakse<\/li><li>Joonista, kuidas on seotud loki suurus ja lokirulli suurus.<\/li><li>Joonista, kuidas muutub lokitugevus kui m\u00f5juaeg on ebapiisav, sobiv v\u00f5i liige pikk.<\/li><\/ul>\n\n\n\n<div class=\"wp-block-file\"><a href=\"https:\/\/opik.juuksurikool.ee\/wp-content\/uploads\/2020\/10\/struktuuri_pusimuutmise_konsultatsioon_ja_diagnoos.pdf\"><span class=\"has-inline-color has-secondary-color\"><strong>struktuuri_pusimuutmise_konsultatsioon_ja_diagnoos<\/strong><\/span><br><br><\/a><a href=\"https:\/\/opik.juuksurikool.ee\/wp-content\/uploads\/2020\/10\/struktuuri_pusimuutmise_konsultatsioon_ja_diagnoos.pdf\" class=\"wp-block-file__button\" download>Laadi alla<\/a><\/div>\n\n\n\n<div class=\"wp-block-file\"><a href=\"https:\/\/opik.juuksurikool.ee\/wp-content\/uploads\/2020\/11\/Rullide-keeramine-pusilokkide-tegemine-Tooleht.pdf\"><strong><span class=\"has-inline-color has-secondary-color\">Rullide-keeramine-pusilokkide-tegemine-Tooleht<\/span><\/strong><\/a><a href=\"https:\/\/opik.juuksurikool.ee\/wp-content\/uploads\/2020\/11\/Rullide-keeramine-pusilokkide-tegemine-Tooleht.pdf\" class=\"wp-block-file__button\" download>Laadi alla<\/a><\/div>\n\n\n\n<p><a rel=\"noreferrer noopener\" href=\"https:\/\/opik.juuksurikool.ee\/rubriik\/juuste-varvimine\/\" target=\"_blank\">Juuste v\u00e4rvimine<\/a><\/p>\n\n\n\n<p>Sellele peat\u00fckile on lisatud libistamise harjutused, mille abil saab kinnitada sekundaar ja tertsiaalv\u00e4rvide moodustumise ning vastandv\u00e4rvide teooriat.<\/p>\n\n\n\n<p>Lisaks on uus <a href=\"https:\/\/opik.juuksurikool.ee\/6-kokkuvote-ja-koige-olulisem-tabel\/\">tabel<\/a>, mis annab tervikliku \u00fclevaate kaaspigmendi olemusest ja selle neutraliseerimise teooriast ning lisaks ka eelpigemnterimise olemusest ehk selle oluliseusest juukseid tumedaks v\u00e4rvides.<\/p>\n\n\n\n<p>Lisatud on ka <a href=\"https:\/\/opik.juuksurikool.ee\/6-lahenda-ulesandeid\/\">v\u00e4rvi\u00fclesannete n\u00e4ited<\/a> koos vastustega algajatele ja natuke raskemad \u00fclesanded neile, kes tulevad praktikalt tagasi. Viimaste puhul on soovitav neid lahendada <a href=\"https:\/\/opik.juuksurikool.ee\/6-17-grupitoo\/\">grupit\u00f6\u00f6na<\/a> ning tekitada klassis aruteluring, sest lahendusi v\u00f5ib olla mitmeid. Oluline on, et \u00f5pilane hakkaks, v\u00e4rviteooriat kasutades, anal\u00fc\u00fcsima juukseid ning soovitud tulemuseini j\u00f5udmise teekonda.<\/p>\n\n\n\n<div class=\"wp-block-file\"><a href=\"https:\/\/opik.juuksurikool.ee\/wp-content\/uploads\/2020\/11\/PowePoint-alus-varviopetuse-tunni-ettevalmistamiseks.pptx\"><strong><span class=\"has-inline-color has-secondary-color\">PowePoint-alus-varviopetuse-tunni-ettevalmistamiseks<\/span><\/strong><\/a><a href=\"https:\/\/opik.juuksurikool.ee\/wp-content\/uploads\/2020\/11\/PowePoint-alus-varviopetuse-tunni-ettevalmistamiseks.pptx\" class=\"wp-block-file__button\" download>Laadi alla<\/a><\/div>\n\n\n\n<div class=\"wp-block-file\"><a href=\"https:\/\/opik.juuksurikool.ee\/wp-content\/uploads\/2020\/10\/varvi_konsultasioon_ja_diagnoos.pdf\"><strong><span class=\"has-inline-color has-secondary-color\">varvi_konsultasioon_ja_diagnoos<\/span><\/strong><\/a><a href=\"https:\/\/opik.juuksurikool.ee\/wp-content\/uploads\/2020\/10\/varvi_konsultasioon_ja_diagnoos.pdf\" class=\"wp-block-file__button\" download>Laadi alla<\/a><\/div>\n\n\n\n<div class=\"wp-block-file\"><a href=\"https:\/\/opik.juuksurikool.ee\/wp-content\/uploads\/2020\/10\/varviulesanded.pdf\"><strong><span class=\"has-inline-color has-secondary-color\">V\u00e4rvi\u00fclesanded<\/span><\/strong><\/a><a href=\"https:\/\/opik.juuksurikool.ee\/wp-content\/uploads\/2020\/10\/varviulesanded.pdf\" class=\"wp-block-file__button\" download>Laadi alla<\/a><\/div>\n\n\n\n<div class=\"wp-block-file\"><a href=\"https:\/\/opik.juuksurikool.ee\/wp-content\/uploads\/2020\/10\/Copy-of-Kliendimarkmik-1.png\"><strong><span class=\"has-inline-color has-secondary-color\">Kaaspigmentide tabel<\/span><\/strong><\/a><a href=\"https:\/\/opik.juuksurikool.ee\/wp-content\/uploads\/2020\/10\/Copy-of-Kliendimarkmik-1.png\" class=\"wp-block-file__button\" download>Laadi alla<\/a><\/div>\n\n\n\n<div class=\"wp-block-file\"><a href=\"https:\/\/opik.juuksurikool.ee\/wp-content\/uploads\/2020\/11\/GRUPITOO-varviopetus.pdf\"><strong><span class=\"has-inline-color has-secondary-color\">GRUPITOO-varviopetus<\/span><\/strong><\/a><a href=\"https:\/\/opik.juuksurikool.ee\/wp-content\/uploads\/2020\/11\/GRUPITOO-varviopetus.pdf\" class=\"wp-block-file__button\" download>Laadi alla<\/a><\/div>\n\n\n\n<div class=\"wp-block-file\"><a href=\"https:\/\/opik.juuksurikool.ee\/wp-content\/uploads\/2020\/11\/varviring.gif\"><strong><span class=\"has-inline-color has-secondary-color\">varviring<\/span><\/strong><\/a><a href=\"https:\/\/opik.juuksurikool.ee\/wp-content\/uploads\/2020\/11\/varviring.gif\" class=\"wp-block-file__button\" download>Laadi alla<\/a><\/div>\n\n\n\n<div class=\"wp-block-file\"><a href=\"https:\/\/opik.juuksurikool.ee\/wp-content\/uploads\/2020\/11\/otsepigment.gif\"><strong><span class=\"has-inline-color has-secondary-color\">otsepigment<\/span><\/strong><\/a><a href=\"https:\/\/opik.juuksurikool.ee\/wp-content\/uploads\/2020\/11\/otsepigment.gif\" class=\"wp-block-file__button\" download>Laadi alla<\/a><\/div>\n\n\n\n<div class=\"wp-block-file\"><a href=\"https:\/\/opik.juuksurikool.ee\/wp-content\/uploads\/2020\/11\/oksudpigment.gif\"><strong><span class=\"has-inline-color has-secondary-color\">oksudpigment<\/span><\/strong><\/a><a href=\"https:\/\/opik.juuksurikool.ee\/wp-content\/uploads\/2020\/11\/oksudpigment.gif\" class=\"wp-block-file__button\" download>Laadi alla<\/a><\/div>\n\n\n\n<p><a rel=\"noreferrer noopener\" href=\"https:\/\/opik.juuksurikool.ee\/rubriik\/soengukujundus\/\" target=\"_blank\">Soengukujundus<\/a><\/p>\n\n\n\n<p>Siin soovitame t\u00e4helepanu juhtida t\u00e4iendatud f\u00f6\u00f6nisoengu peat\u00fckile ning panna r\u00f5hku j\u00e4rgnevale:<\/p>\n\n\n\n<ul class=\"wp-block-list\"><li>Soengu ettevalmistus, vahendite valik ning nende kasutamise aeg ja j\u00e4rjekord<\/li><li>Mahu andmine ja mahu minimaliseerimine <\/li><li>Juuste jaotamine jaotusteks<\/li><li>Erinevate harjade olulisus ja nende kasutamine<\/li><li>Tuule suund ja temperatuur<\/li><\/ul>\n\n\n\n<p>Lisaks pakume v\u00e4lja pikema harjutuse, mille puhul saab \u00fchildada soenguajaloo, moeajaloo, stiilitunnetuse ja prktilised oskused:<\/p>\n\n\n\n<p><em>Otsi m\u00f5ni kuulus soeng (signatuursoeng) ning r\u00e4\u00e4gi tema lugu. Leia analooge ajaloost ning t\u00e4nap\u00e4evast. Kirjelda ka, kuidas praktiliselt\/tehniliselt selle soengu teostaksid ning millisel kujul v\u00f5iks seda kanda kliendid t\u00e4na.<\/em><\/p>\n\n\n\n<div class=\"wp-block-file\"><a href=\"https:\/\/opik.juuksurikool.ee\/wp-content\/uploads\/2020\/11\/KUULUS-soeng-ulesanne-iseseisvaks-uurimustooks.pdf\"><strong><span class=\"has-inline-color has-secondary-color\">KUULUS-soeng-ulesanne-iseseisvaks-uurimustooks<\/span><\/strong><\/a><a href=\"https:\/\/opik.juuksurikool.ee\/wp-content\/uploads\/2020\/11\/KUULUS-soeng-ulesanne-iseseisvaks-uurimustooks.pdf\" class=\"wp-block-file__button\" download>Laadi alla<\/a><\/div>\n\n\n\n<div class=\"wp-block-file\"><a href=\"https:\/\/opik.juuksurikool.ee\/wp-content\/uploads\/2020\/11\/Rullide-keeramise-pinge-Soenguopetuse-tooleht.pdf\"><strong><span class=\"has-inline-color has-secondary-color\">Rullide-keeramise-pinge-Soenguopetuse-tooleht<\/span><\/strong><\/a><a href=\"https:\/\/opik.juuksurikool.ee\/wp-content\/uploads\/2020\/11\/Rullide-keeramise-pinge-Soenguopetuse-tooleht.pdf\" class=\"wp-block-file__button\" download>Laadi alla<\/a><\/div>\n\n\n\n<p><\/p>\n","protected":false},"excerpt":{"rendered":"<p>Klienditenindus Selles peat\u00fckis on v\u00e4lja toodud ka Tarbijaameti n\u00f5uded teenuse osutamiseks ning lisaks ka peat\u00fckk &#8220;Juuksurikeel&#8220;. Parim kliendin\u00f5ustamine toimub neid reegleid j\u00e4rgides ja k\u00fcsides nii \u00f5elda \u00f5igeid k\u00fcsimusi. See t\u00e4hendab, et ei ole vaja k\u00fcsida k\u00fcsimusi selleks, et neid peab k\u00fcsima, igal k\u00fcsimusel peab olema eesm\u00e4rk Kas v\u00e4rvime ka? Millist tooni sa oma juukseid soovid [&hellip;]<\/p>\n","protected":false},"author":4,"featured_media":0,"parent":0,"menu_order":0,"comment_status":"closed","ping_status":"closed","template":"","meta":{"ngg_post_thumbnail":0,"footnotes":""},"class_list":["post-1636","page","type-page","status-publish","hentry"],"_links":{"self":[{"href":"https:\/\/opik.juuksurikool.ee\/index.php?rest_route=\/wp\/v2\/pages\/1636","targetHints":{"allow":["GET"]}}],"collection":[{"href":"https:\/\/opik.juuksurikool.ee\/index.php?rest_route=\/wp\/v2\/pages"}],"about":[{"href":"https:\/\/opik.juuksurikool.ee\/index.php?rest_route=\/wp\/v2\/types\/page"}],"author":[{"embeddable":true,"href":"https:\/\/opik.juuksurikool.ee\/index.php?rest_route=\/wp\/v2\/users\/4"}],"replies":[{"embeddable":true,"href":"https:\/\/opik.juuksurikool.ee\/index.php?rest_route=%2Fwp%2Fv2%2Fcomments&post=1636"}],"version-history":[{"count":18,"href":"https:\/\/opik.juuksurikool.ee\/index.php?rest_route=\/wp\/v2\/pages\/1636\/revisions"}],"predecessor-version":[{"id":1923,"href":"https:\/\/opik.juuksurikool.ee\/index.php?rest_route=\/wp\/v2\/pages\/1636\/revisions\/1923"}],"wp:attachment":[{"href":"https:\/\/opik.juuksurikool.ee\/index.php?rest_route=%2Fwp%2Fv2%2Fmedia&parent=1636"}],"curies":[{"name":"wp","href":"https:\/\/api.w.org\/{rel}","templated":true}]}}