{"id":1432,"date":"2020-10-19T12:47:53","date_gmt":"2020-10-19T09:47:53","guid":{"rendered":"https:\/\/opik.juuksurikool.ee\/?page_id=1432"},"modified":"2020-10-19T12:52:23","modified_gmt":"2020-10-19T09:52:23","slug":"laadi-alla","status":"publish","type":"page","link":"https:\/\/opik.juuksurikool.ee\/?page_id=1432","title":{"rendered":"Laadi alla"},"content":{"rendered":"\n<div class=\"wp-block-file\"><a href=\"https:\/\/opik.juuksurikool.ee\/wp-content\/uploads\/2020\/10\/juuksuritoo_alusoppe_opikeskkond.pdf\">juuksuritoo alusoppe opikeskkond<\/a><a href=\"https:\/\/opik.juuksurikool.ee\/wp-content\/uploads\/2020\/10\/juuksuritoo_alusoppe_opikeskkond.pdf\" class=\"wp-block-file__button\" download>Laadi alla<\/a><\/div>\n\n\n\n<div class=\"wp-block-file\"><a href=\"https:\/\/opik.juuksurikool.ee\/wp-content\/uploads\/2020\/10\/struktuuri_pusimuutmise_konsultatsioon_ja_diagnoos.pdf\">Struktuuri pusimuutmise konsultatsioon ja diagnoos<\/a><a href=\"https:\/\/opik.juuksurikool.ee\/wp-content\/uploads\/2020\/10\/struktuuri_pusimuutmise_konsultatsioon_ja_diagnoos.pdf\" class=\"wp-block-file__button\" download>Laadi alla<\/a><\/div>\n\n\n\n<div class=\"wp-block-file\"><a href=\"https:\/\/opik.juuksurikool.ee\/wp-content\/uploads\/2020\/10\/varvi_konsultasioon_ja_diagnoos.pdf\">varvi konsultasioon ja diagnoos<\/a><a href=\"https:\/\/opik.juuksurikool.ee\/wp-content\/uploads\/2020\/10\/varvi_konsultasioon_ja_diagnoos.pdf\" class=\"wp-block-file__button\" download>Laadi alla<\/a><\/div>\n\n\n\n<div class=\"wp-block-file\"><a href=\"\/wp-content\/uploads\/juuksurit\u00f6\u00f6_alus\u00f5ppe_\u00f5pikeskkond.epub\">juuksurit\u00f6\u00f6 alus\u00f5ppe \u00f5pikeskkond EPUB<\/a><a href=\"\/wp-content\/uploads\/juuksurit\u00f6\u00f6_alus\u00f5ppe_\u00f5pikeskkond.epub\" class=\"wp-block-file__button\" download>Laadi alla<\/a><\/div>\n\n\n\n<p><\/p>\n","protected":false},"excerpt":{"rendered":"<p>juuksurit\u00f6\u00f6 alus\u00f5ppe \u00f5pikeskkond EPUBLaadi alla<\/p>\n","protected":false},"author":4,"featured_media":0,"parent":0,"menu_order":0,"comment_status":"closed","ping_status":"closed","template":"","meta":{"ngg_post_thumbnail":0,"footnotes":""},"class_list":["post-1432","page","type-page","status-publish","hentry"],"_links":{"self":[{"href":"https:\/\/opik.juuksurikool.ee\/index.php?rest_route=\/wp\/v2\/pages\/1432","targetHints":{"allow":["GET"]}}],"collection":[{"href":"https:\/\/opik.juuksurikool.ee\/index.php?rest_route=\/wp\/v2\/pages"}],"about":[{"href":"https:\/\/opik.juuksurikool.ee\/index.php?rest_route=\/wp\/v2\/types\/page"}],"author":[{"embeddable":true,"href":"https:\/\/opik.juuksurikool.ee\/index.php?rest_route=\/wp\/v2\/users\/4"}],"replies":[{"embeddable":true,"href":"https:\/\/opik.juuksurikool.ee\/index.php?rest_route=%2Fwp%2Fv2%2Fcomments&post=1432"}],"version-history":[{"count":6,"href":"https:\/\/opik.juuksurikool.ee\/index.php?rest_route=\/wp\/v2\/pages\/1432\/revisions"}],"predecessor-version":[{"id":1442,"href":"https:\/\/opik.juuksurikool.ee\/index.php?rest_route=\/wp\/v2\/pages\/1432\/revisions\/1442"}],"wp:attachment":[{"href":"https:\/\/opik.juuksurikool.ee\/index.php?rest_route=%2Fwp%2Fv2%2Fmedia&parent=1432"}],"curies":[{"name":"wp","href":"https:\/\/api.w.org\/{rel}","templated":true}]}}